{"id":134,"date":"2025-08-12T23:17:09","date_gmt":"2025-08-12T23:17:09","guid":{"rendered":"https:\/\/ngoctranflowercake.com\/about\/"},"modified":"2025-11-30T00:16:04","modified_gmt":"2025-11-30T00:16:04","slug":"about","status":"publish","type":"page","link":"https:\/\/ngoctranflowercake.com\/en\/about\/","title":{"rendered":"About"},"content":{"rendered":"<h2><strong>\u0110\u00f4i N\u00e9t Ti\u00eau Bi\u1ec3u v\u1ec1 L\u00e2m Ng\u1ecdc Tr\u00e2n<\/strong><\/h2>\n<p>&nbsp; &nbsp;<span data-start=\"162\" data-end=\"179\"><span style=\"font-weight: 700;\">L\u00e2m Ng\u1ecdc Tr\u00e2n<\/span>&nbsp;<\/span>l\u00e0 m\u1ed9t ngh\u1ec7 nh\u00e2n b\u00e1nh hoa v\u1edbi nhi\u1ec1u n\u0103m kinh nghi\u1ec7m trong c\u1ea3&nbsp;<span data-start=\"227\" data-end=\"239\">s\u00e1ng t\u1ea1o<\/span>&nbsp;v\u00e0&nbsp;<span data-start=\"243\" data-end=\"290\">gi\u1ea3ng d\u1ea1y ngh\u1ec7 thu\u1eadt \u1ea9m th\u1ef1c c\u00f3 th\u1ec3 \u0103n \u0111\u01b0\u1ee3c<\/span>. Ngay t\u1eeb nh\u1eefng b\u01b0\u1edbc \u0111\u1ea7u ti\u00ean trong th\u1ebf gi\u1edbi \u1ea9m th\u1ef1c, c\u00f4 \u0111\u00e3 ph\u00e1t tri\u1ec3n&nbsp;<span data-start=\"363\" data-end=\"397\">phong c\u00e1ch tinh t\u1ebf, duy\u00ean d\u00e1ng<\/span>, truy\u1ec1n c\u1ea3m h\u1ee9ng cho h\u00e0ng tr\u0103m h\u1ecdc vi\u00ean.<\/p><p>&nbsp; &nbsp; &nbsp; Th\u00e0nh th\u1ea1o trong vi\u1ec7c t\u1ea1o&nbsp;<span data-start=\"467\" data-end=\"522\" style=\"\">hoa \u0111\u01b0\u1eddng, kem b\u01a1, \u0111\u1eadu v\u00e0 b\u1ed9t g\u1ea1o<\/span>, c\u00f4 ti\u1ebfp t\u1ee5c&nbsp;<span data-start=\"536\" data-end=\"584\" style=\"\">nghi\u00ean c\u1ee9u v\u00e0 chia s\u1ebb c\u00e1c k\u1ef9 thu\u1eadt ti\u00ean ti\u1ebfn<\/span>, gi\u00fap h\u1ecdc vi\u00ean \u0111\u1ea1t \u0111\u01b0\u1ee3c k\u1ebft qu\u1ea3&nbsp;<span data-start=\"617\" data-end=\"646\" style=\"\">chuy\u00ean nghi\u1ec7p v\u00e0 \u1ea5n t\u01b0\u1ee3ng<\/span>.&nbsp; &nbsp; <\/p>\n<p>&nbsp; &nbsp; &nbsp; &nbsp;M\u1ed7i chi\u1ebfc b\u00e1nh \u0111\u1ec1u&nbsp;<span data-start=\"156\" data-end=\"185\" style=\"\">mang m\u1ed9t c\u00e2u chuy\u1ec7n ri\u00eang<\/span>.<\/p><p>Thi\u1ebft k\u1ebf tuy\u1ec7t \u0111\u1eb9p ch\u00ednh l\u00e0 c\u00e1ch \u0111\u1ec3&nbsp;<span data-start=\"225\" data-end=\"245\" style=\"\">k\u1ec3 c\u00e2u chuy\u1ec7n \u0111\u00f3<\/span>.<\/p><p>Ch\u00fang t\u00f4i gi\u00fap b\u1ea1n&nbsp;<span data-start=\"268\" data-end=\"293\" style=\"\">hi\u1ec7n th\u1ef1c h\u00f3a \u0111i\u1ec1u \u0111\u00f3<\/span>&nbsp;qua nh\u1eefng thi\u1ebft k\u1ebf&nbsp;<span data-start=\"313\" data-end=\"324\" style=\"\">tinh t\u1ebf<\/span>&nbsp;v\u00e0 h\u01b0\u01a1ng v\u1ecb&nbsp;<span data-start=\"337\" data-end=\"349\" style=\"\">\u1ea5n t\u01b0\u1ee3ng<\/span>, \u0111\u1ec3 l\u1ea1i&nbsp;<span data-start=\"358\" data-end=\"377\" style=\"\">d\u1ea5u \u1ea5n kh\u00f3 qu\u00ean<\/span>.<\/p>\n\n\n\n\n<h2><strong>&nbsp; Ngoc Tran&#8217;s Flower Cake<\/strong><\/h2>\n<p data-start=\"105\" data-end=\"815\"><span data-start=\"105\" data-end=\"813\">&nbsp; &nbsp; &nbsp;<strong>Ngoc Tran&#8217;s Flower Cake<\/strong> bi\u1ebfn nh\u1eefng \u00fd t\u01b0\u1edfng ngh\u1ec7 thu\u1eadt th\u00e0nh hi\u1ec7n th\u1ef1c b\u1eb1ng k\u1ef9 n\u0103ng s\u00e1ng t\u1ea1o v\u00e0 s\u1ef1 c\u00e2n b\u1eb1ng trong thi\u1ebft k\u1ebf b\u00e1nh.&nbsp; &nbsp; &nbsp;<\/span><\/p>\n<p data-start=\"105\" data-end=\"815\"><span data-start=\"105\" data-end=\"813\">&nbsp; &nbsp; &nbsp; Ch\u00fang t\u00f4i t\u1ea1o n\u00ean nh\u1eefng tr\u1ea3i nghi\u1ec7m trang tr\u00ed b\u00e1nh tuy\u1ec7t \u0111\u1eb9p, h\u00f2a quy\u1ec7n gi\u1eefa th\u1ea9m m\u1ef9 v\u00e0 h\u01b0\u01a1ng v\u1ecb.&nbsp; <\/span><\/p>\n<p data-start=\"105\" data-end=\"815\"><span data-start=\"105\" data-end=\"813\">&nbsp; &nbsp; &nbsp; &nbsp;M\u1ed7i chi\u1ebfc b\u00e1nh k\u1ec3 m\u1ed9t c\u00e2u chuy\u1ec7n, v\u00e0 ni\u1ec1m \u0111am m\u00ea t\u1ec9 m\u1ec9 c\u1ee7a ch\u00fang t\u00f4i \u0111\u1ea3m b\u1ea3o r\u1eb1ng nh\u1eefng kho\u1ea3nh kh\u1eafc \u0111\u1eb7c bi\u1ec7t c\u1ee7a b\u1ea1n \u0111\u01b0\u1ee3c t\u00f4n vinh m\u1ed9t c\u00e1ch tinh t\u1ebf.&nbsp; &nbsp; <\/span><\/p>\n<p data-start=\"105\" data-end=\"815\"><span data-start=\"105\" data-end=\"813\">&nbsp; &nbsp; &nbsp; &nbsp;H\u00e3y \u0111\u1ec3 ch\u00fang t\u00f4i bi\u1ebfn nh\u1eefng \u01b0\u1edbc m\u01a1 c\u1ee7a b\u1ea1n th\u00e0nh nh\u1eefng t\u00e1c ph\u1ea9m b\u00e1nh hoa tinh x\u1ea3o, ph\u00f9 h\u1ee3p cho m\u1ecdi d\u1ecbp. M\u1ed7i chi\u1ebfc b\u00e1nh \u0111\u1ec1u mang m\u1ed9t v\u1ebb \u0111\u1eb9p \u0111\u1ed9c \u0111\u00e1o, v\u00e0 c\u00e1c thi\u1ebft k\u1ebf c\u1ee7a ch\u00fang t\u00f4i t\u00f4n l\u00ean \u0111i\u1ec1u \u0111\u00f3.&nbsp;<\/span><\/p>\n<p data-start=\"105\" data-end=\"815\"><span data-start=\"105\" data-end=\"813\">&nbsp; &nbsp; &nbsp; Ch\u00fang t\u00f4i gi\u00fap b\u1ea1n hi\u1ec7n th\u1ef1c h\u00f3a n\u00f3 qua nh\u1eefng m\u1eabu b\u00e1nh m\u00ea ho\u1eb7c v\u00e0 \u0111\u1ea7y c\u1ea3m h\u1ee9ng, \u0111\u1ea3m b\u1ea3o m\u1ed7i t\u00e1c ph\u1ea9m \u0111\u1ec1u ph\u1ea3n \u00e1nh c\u00e1 t\u00ednh ri\u00eang c\u1ee7a b\u1ea1n.<\/span><\/p>\n\n\n\n\n\n\n\n\n\n\n\n\n\n\n<h2><strong>Th\u00e0nh T\u00edch \u0110\u1ea1t \u0110\u01b0\u1ee3c<\/strong><\/h2>\n<h2><strong><\/strong><p style=\"margin-bottom: 10px; font-family: Helvetica, Arial, sans-serif; font-size: 15px; color: rgb(37, 37, 37); text-align: start;\"><span style=\"font-family: Helvetica, Arial, sans-serif !important;\">Giai \u0111o\u1ea1n n\u1ec1n t\u1ea3ng:<\/span><\/p><ul style=\"list-style-position: initial; list-style-image: initial; margin-bottom: 1.3em; color: rgb(53, 53, 53); font-family: Helvetica, Arial, sans-serif; font-size: 16px; text-align: start;\"><li aria-level=\"1\" style=\"margin-bottom: 0.6em; margin-left: 1.3em;\"><span style=\"font-family: Helvetica, Arial, sans-serif !important;\">2002: C\u00f4ng b\u1ed1 lu\u1eadn \u00e1n lo\u1ea1i Gi\u1ecfi \u2013 Chuy\u1ec3n giao c\u00f4ng ngh\u1ec7 s\u1ea3n xu\u1ea5t b\u00e1nh ph\u1ed3ng t\u00f4m th\u00e0nh b\u00e1nh ph\u1ed3ng c\u00e1 th\u00e1c l\u00e1c<\/span><\/li><li aria-level=\"1\" style=\"margin-bottom: 0.6em; margin-left: 1.3em;\"><span style=\"font-family: Helvetica, Arial, sans-serif !important;\">2018: Gi\u1ea3i Nh\u1ea5t chung cu\u1ed9c \u2013 Th\u1ebf Gi\u1edbi \u0110\u01b0\u1eddng<\/span><\/li><\/ul><p style=\"margin-bottom: 10px; font-family: Helvetica, Arial, sans-serif; font-size: 15px; color: rgb(37, 37, 37); text-align: start;\"><span style=\"font-family: Helvetica, Arial, sans-serif !important;\">2019 \u2013 T\u1ecfa s\u00e1ng t\u1ea1i Philippines (Cake Fiesta Philippines 2019)<\/span><\/p><ul style=\"list-style-position: initial; list-style-image: initial; margin-bottom: 1.3em; color: rgb(53, 53, 53); font-family: Helvetica, Arial, sans-serif; font-size: 16px; text-align: start;\"><li aria-level=\"1\" style=\"margin-bottom: 0.6em; margin-left: 1.3em;\"><span style=\"font-family: Helvetica, Arial, sans-serif !important;\">2 huy ch\u01b0\u01a1ng V\u00e0ng \u2013 H\u1ea1ng m\u1ee5c kem b\u01a1<\/span><\/li><\/ul><p style=\"margin-bottom: 10px; font-family: Helvetica, Arial, sans-serif; font-size: 15px; color: rgb(37, 37, 37); text-align: start;\"><span style=\"font-family: Helvetica, Arial, sans-serif !important;\">2020 \u2013 Kh\u1eb3ng \u0111\u1ecbnh tay ngh\u1ec1 qu\u1ed1c t\u1ebf<\/span><\/p><ul style=\"list-style-position: initial; list-style-image: initial; margin-bottom: 1.3em; color: rgb(53, 53, 53); font-family: Helvetica, Arial, sans-serif; font-size: 16px; text-align: start;\"><li aria-level=\"1\" style=\"margin-bottom: 0.6em; margin-left: 1.3em;\"><span style=\"font-family: Helvetica, Arial, sans-serif !important;\">Huy ch\u01b0\u01a1ng \u0110\u1ed3ng \u2013 Kem b\u01a1 t\u1ea1o h\u00ecnh (Philippines)<\/span><\/li><\/ul><p style=\"margin-bottom: 10px; font-family: Helvetica, Arial, sans-serif; font-size: 15px; color: rgb(37, 37, 37); text-align: start;\"><span style=\"font-family: Helvetica, Arial, sans-serif !important;\">2021 \u2013 N\u0103m v\u00e0ng t\u1ea1i Cake International t\u1ea1i Anh&nbsp;<\/span><\/p><ul style=\"list-style-position: initial; list-style-image: initial; margin-bottom: 1.3em; color: rgb(53, 53, 53); font-family: Helvetica, Arial, sans-serif; font-size: 16px; text-align: start;\"><li aria-level=\"1\" style=\"margin-bottom: 0.6em; margin-left: 1.3em;\"><span style=\"font-family: Helvetica, Arial, sans-serif !important;\">Huy ch\u01b0\u01a1ng V\u00e0ng \u2013 Hoa gi\u1ea5y g\u1ea1o<\/span><\/li><li aria-level=\"1\" style=\"margin-bottom: 0.6em; margin-left: 1.3em;\"><span style=\"font-family: Helvetica, Arial, sans-serif !important;\">Huy ch\u01b0\u01a1ng B\u1ea1c \u2013 B\u00e1nh c\u01b0\u1edbi<\/span><\/li><li aria-level=\"1\" style=\"margin-bottom: 0.6em; margin-left: 1.3em;\"><span style=\"font-family: Helvetica, Arial, sans-serif !important;\">Huy ch\u01b0\u01a1ng V\u00e0ng &amp; Gi\u1ea3i \u0110\u1eb7c Bi\u1ec7t \u2013 H\u1ea1ng m\u1ee5c \u0111i\u00eau kh\u1eafc (Ban gi\u00e1m kh\u1ea3o c\u1ea5p cao b\u00ecnh ch\u1ecdn)<\/span><\/li><\/ul><p style=\"margin-bottom: 10px; font-family: Helvetica, Arial, sans-serif; font-size: 15px; color: rgb(37, 37, 37); text-align: start;\"><span style=\"font-family: Helvetica, Arial, sans-serif !important;\">2022 \u2013 D\u1ea5u \u1ea5n c\u00e1 nh\u00e2n<\/span><\/p><ul style=\"list-style-position: initial; list-style-image: initial; margin-bottom: 1.3em; color: rgb(53, 53, 53); font-family: Helvetica, Arial, sans-serif; font-size: 16px; text-align: start;\"><li aria-level=\"1\" style=\"margin-bottom: 0.6em; margin-left: 1.3em;\"><span style=\"font-family: Helvetica, Arial, sans-serif !important;\">Cake Artist of October 2022<\/span><\/li><\/ul><p style=\"margin-bottom: 10px; font-family: Helvetica, Arial, sans-serif; font-size: 15px; color: rgb(37, 37, 37); text-align: start;\"><span style=\"font-family: Helvetica, Arial, sans-serif !important;\">2024 \u2013 B\u00f9ng n\u1ed5 th\u00e0nh t\u00edch Cake Show t\u1ea1i \u00dac<\/span><\/p><ul style=\"list-style-position: initial; list-style-image: initial; margin-bottom: 1.3em; color: rgb(53, 53, 53); font-family: Helvetica, Arial, sans-serif; font-size: 16px; text-align: start;\"><li aria-level=\"1\" style=\"margin-bottom: 0.6em; margin-left: 1.3em;\"><span style=\"font-family: Helvetica, Arial, sans-serif !important;\">Huy ch\u01b0\u01a1ng \u0110\u1ed3ng \u2013 Ch\u1ee7 \u0111\u1ec1 V\u0103n H\u00f3a<\/span><\/li><li aria-level=\"1\" style=\"margin-bottom: 0.6em; margin-left: 1.3em;\"><span style=\"font-family: Helvetica, Arial, sans-serif !important;\">2 huy ch\u01b0\u01a1ng B\u1ea1c \u2013 H\u1ea1ng m\u1ee5c kem b\u01a1<\/span><\/li><li aria-level=\"1\" style=\"margin-bottom: 0.6em; margin-left: 1.3em;\"><span style=\"font-family: Helvetica, Arial, sans-serif !important;\">Gi\u1ea3i Nh\u00ec \u2013 Kem b\u01a1<\/span><\/li><li aria-level=\"1\" style=\"margin-bottom: 0.6em; margin-left: 1.3em;\"><span style=\"font-family: Helvetica, Arial, sans-serif !important;\">Gi\u1ea3i Ba \u2013 Kem b\u01a1<\/span><\/li><li aria-level=\"1\" style=\"margin-bottom: 0.6em; margin-left: 1.3em;\"><span style=\"font-family: Helvetica, Arial, sans-serif !important;\">Huy ch\u01b0\u01a1ng B\u1ea1c \u2013 B\u00e1nh c\u01b0\u1edbi<\/span><\/li><li aria-level=\"1\" style=\"margin-bottom: 0.6em; margin-left: 1.3em;\"><span style=\"font-family: Helvetica, Arial, sans-serif !important;\">C\u00f9ng trong n\u0103m n\u00e0y, ch\u1ecb gi\u00e0nh Huy ch\u01b0\u01a1ng B\u1ea1c \u2013 The Best Chiffon Cake t\u1ea1i Indonesia<\/span><\/li><\/ul><p style=\"margin-bottom: 10px; font-family: Helvetica, Arial, sans-serif; font-size: 15px; color: rgb(37, 37, 37); text-align: start;\"><span style=\"font-family: Helvetica, Arial, sans-serif !important;\">2025 \u2013 Ch\u1ea1m \u0111\u1ebfn \u0111\u1ec9nh cao Nh\u00e0 V\u00f4 \u0110\u1ecbch Th\u1ebf Gi\u1edbi<\/span><\/p><ul style=\"list-style-position: initial; list-style-image: initial; margin-bottom: 1.3em; color: rgb(53, 53, 53); font-family: Helvetica, Arial, sans-serif; font-size: 16px; text-align: start;\"><li aria-level=\"1\" style=\"margin-bottom: 0.6em; margin-left: 1.3em;\"><span style=\"font-family: Helvetica, Arial, sans-serif !important;\">2 huy ch\u01b0\u01a1ng \u0110\u1ed3ng \u2013 Fha Culinary Challenge 2025 (Singapore)<\/span><\/li><li aria-level=\"1\" style=\"margin-bottom: 0.6em; margin-left: 1.3em;\"><span style=\"font-family: Helvetica, Arial, sans-serif !important;\">Ngh\u1ec7 nh\u00e2n B\u00e0n Tay T\u00e2m T\u00e0i t\u1ea1i Vi\u1ec7t Nam<\/span><\/li><li aria-level=\"1\" style=\"margin-bottom: 0.6em; margin-left: 1.3em;\"><span style=\"font-family: Helvetica, Arial, sans-serif !important;\">Gi\u1ea3i Nh\u1ea5t \u2013 Best Shelf Cake \/ Tasting Prize<\/span><\/li><li aria-level=\"1\" style=\"margin-bottom: 0.6em; margin-left: 1.3em;\"><span style=\"font-family: Helvetica, Arial, sans-serif !important;\">\u0110\u1ec9nh cao t\u1ea1i \u00dd (l\u00e0m n\u00ean l\u1ecbch s\u1eed) Nh\u00e0 V\u00f4 \u0110\u1ecbch Th\u1ebf Gi\u1edbi \u2013 Cake Designer\u2019 World Championship 2025<\/span><\/li><\/ul><\/h2>\n\n\n\n\n\n\n<h2><strong>Chuy\u00ean M\u00f4n Ngh\u1ec7 Thu\u1eadt B\u00e1nh C\u1ee7a Ch\u00fang T\u00f4i<\/strong><\/h2>\n\n\n\n\n\n<p style=\"font-family: Arial; font-size: x-large;\">Ch\u00fang t\u00f4i b\u1eaft \u0111\u1ea7u b\u1eb1ng vi\u1ec7c hi\u1ec3u nhu c\u1ea7u, \u00fd t\u01b0\u1edfng v\u00e0 s\u1edf th\u00edch v\u1ec1 b\u00e1nh c\u1ee7a b\u1ea1n, x\u00e2y d\u1ef1ng k\u1ebft n\u1ed1i tin c\u1eady v\u00e0 th\u1ed1ng nh\u1ea5t k\u1ef3 v\u1ecdng \u0111\u1ec3 \u0111\u1ea3m b\u1ea3o m\u1ed9t h\u00e0nh tr\u00ecnh h\u1ee3p t\u00e1c th\u00fa v\u1ecb.<\/p>\n\n\n<p style=\"font-family: Arial; font-size: x-large;\">Khi m\u1ee5c ti\u00eau \u0111\u00e3 \u0111\u01b0\u1ee3c x\u00e1c \u0111\u1ecbnh, ch\u00fang t\u00f4i x\u00e2y d\u1ef1ng k\u1ebf ho\u1ea1ch thi\u1ebft k\u1ebf b\u00e1nh to\u00e0n di\u1ec7n, bao g\u1ed3m th\u1eddi gian, ng\u00e2n s\u00e1ch v\u00e0 ph\u00e2n b\u1ed5 ngu\u1ed3n l\u1ef1c, \u0111\u1ea3m b\u1ea3o m\u1ecdi chi ti\u1ebft \u0111\u1ec1u d\u1eabn d\u1eaft qu\u00e1 tr\u00ecnh t\u1eeb \u00fd t\u01b0\u1edfng \u0111\u1ebfn l\u1ec5 k\u1ef7 ni\u1ec7m.<\/p>\n\n\n<p data-start=\"105\" data-end=\"362\" style=\"text-align: center;\"><span data-start=\"105\" data-end=\"360\" style=\"font-size: x-large; font-family: Arial;\">C\u00e1c nh\u00e0 thi\u1ebft k\u1ebf b\u00e1nh c\u1ee7a ch\u00fang t\u00f4i bi\u1ebfn \u00fd t\u01b0\u1edfng c\u1ee7a b\u1ea1n th\u00e0nh hi\u1ec7n th\u1ef1c b\u1eb1ng s\u1ef1 s\u00e1ng t\u1ea1o v\u00e0 t\u1ec9 m\u1ec9. T\u1eeb c\u1ea3m h\u1ee9ng hoa \u0111\u1ebfn thi\u1ebft k\u1ebf ho\u00e0n thi\u1ec7n, ch\u00fang t\u00f4i t\u1ea1o ra nh\u1eefng chi\u1ebfc b\u00e1nh v\u1eeba b\u1eaft m\u1eaft v\u1eeba ngon mi\u1ec7ng, ph\u1ea3n \u00e1nh phong c\u00e1ch v\u00e0 c\u00e2u chuy\u1ec7n ri\u00eang c\u1ee7a b\u1ea1n.<\/span><\/p>","protected":false},"excerpt":{"rendered":"","protected":false},"author":1,"featured_media":0,"parent":0,"menu_order":0,"comment_status":"closed","ping_status":"closed","template":"","meta":{"pagelayer_contact_templates":[],"_pagelayer_content":"","footnotes":""},"class_list":["post-134","page","type-page","status-publish","hentry"],"_links":{"self":[{"href":"https:\/\/ngoctranflowercake.com\/en\/wp-json\/wp\/v2\/pages\/134","targetHints":{"allow":["GET"]}}],"collection":[{"href":"https:\/\/ngoctranflowercake.com\/en\/wp-json\/wp\/v2\/pages"}],"about":[{"href":"https:\/\/ngoctranflowercake.com\/en\/wp-json\/wp\/v2\/types\/page"}],"author":[{"embeddable":true,"href":"https:\/\/ngoctranflowercake.com\/en\/wp-json\/wp\/v2\/users\/1"}],"replies":[{"embeddable":true,"href":"https:\/\/ngoctranflowercake.com\/en\/wp-json\/wp\/v2\/comments?post=134"}],"version-history":[{"count":50,"href":"https:\/\/ngoctranflowercake.com\/en\/wp-json\/wp\/v2\/pages\/134\/revisions"}],"predecessor-version":[{"id":1257,"href":"https:\/\/ngoctranflowercake.com\/en\/wp-json\/wp\/v2\/pages\/134\/revisions\/1257"}],"wp:attachment":[{"href":"https:\/\/ngoctranflowercake.com\/en\/wp-json\/wp\/v2\/media?parent=134"}],"curies":[{"name":"wp","href":"https:\/\/api.w.org\/{rel}","templated":true}]}}